{"id":44,"date":"2020-03-05T07:44:23","date_gmt":"2020-03-05T07:44:23","guid":{"rendered":"https:\/\/www.safetyplus-online.de\/?page_id=44"},"modified":"2020-03-05T07:54:23","modified_gmt":"2020-03-05T07:54:23","slug":"mobile-haendedesinfektion-desispot","status":"publish","type":"page","link":"https:\/\/www.safetyplus-online.de\/?page_id=44","title":{"rendered":"Mobile H\u00e4ndedesinfektion desiSpot\u00ae"},"content":{"rendered":"\n<div class=\"wp-block-group\"><div class=\"wp-block-group__inner-container is-layout-flow wp-block-group-is-layout-flow\">\n<p><br>\n<!--StartFragment--><\/p>\n\n\n\n<div class=\"wp-block-media-text alignwide\"><figure class=\"wp-block-media-text__media\"><img loading=\"lazy\" decoding=\"async\" width=\"249\" height=\"741\" src=\"https:\/\/www.safetyplus-online.de\/wp-content\/uploads\/2020\/03\/Mobiler-Spender.jpg\" alt=\"\" class=\"wp-image-49\" srcset=\"https:\/\/www.safetyplus-online.de\/wp-content\/uploads\/2020\/03\/Mobiler-Spender.jpg 249w, https:\/\/www.safetyplus-online.de\/wp-content\/uploads\/2020\/03\/Mobiler-Spender-101x300.jpg 101w\" sizes=\"auto, (max-width: 249px) 100vw, 249px\" \/><\/figure><div class=\"wp-block-media-text__content\">\n<ul class=\"wp-block-list\"><li>design-\/funktionsorientierte&nbsp;&nbsp;&nbsp;&nbsp; Desinfektionss\u00e4ule\naus 1.4301&nbsp;&nbsp;&nbsp; geb\u00fcrstetem Edelstahl <\/li><\/ul>\n\n\n\n<ul class=\"wp-block-list\"><li>sicherer Standfuss <\/li><\/ul>\n\n\n\n<ul class=\"wp-block-list\"><li>inkl. Hinweisschild zur\nH\u00e4nde-&nbsp;&nbsp; &nbsp;&nbsp;&nbsp;&nbsp; desinfektion\n<\/li><\/ul>\n\n\n\n<ul class=\"wp-block-list\"><li>ADS-S, <em>ber\u00fchrungsloser<\/em> Spender mit\u00a0  <em>\u00a0 Spr\u00fchpumpe<\/em> f\u00fcr markt\u00fcbliche 500\/ und\u00a0\u00a0  1000-ml-Flaschen, inkl. Abtropfschale   <\/li><\/ul>\n\n\n\n<ul class=\"wp-block-list\"><li>Lieferzeit auf Anfrage&nbsp;&nbsp;&nbsp; <\/li><\/ul>\n\n\n\n<ul class=\"wp-block-list\"><li>Preis auf Anfrage <\/li><\/ul>\n<\/div><\/div>\n\n\n\n<p><!--EndFragment--><br>\n<br>\n<\/p>\n<\/div><\/div>\n","protected":false},"excerpt":{"rendered":"<p>design-\/funktionsorientierte&nbsp;&nbsp;&nbsp;&nbsp; Desinfektionss\u00e4ule aus 1.4301&nbsp;&nbsp;&nbsp; geb\u00fcrstetem Edelstahl sicherer Standfuss inkl. Hinweisschild zur H\u00e4nde-&nbsp;&nbsp; &nbsp;&nbsp;&nbsp;&nbsp; desinfektion ADS-S, ber\u00fchrungsloser Spender mit\u00a0 \u00a0 Spr\u00fchpumpe f\u00fcr markt\u00fcbliche 500\/ und\u00a0\u00a0 1000-ml-Flaschen, inkl. Abtropfschale Lieferzeit auf Anfrage&nbsp;&nbsp;&nbsp; Preis auf Anfrage<\/p>\n","protected":false},"author":1,"featured_media":0,"parent":0,"menu_order":0,"comment_status":"closed","ping_status":"closed","template":"","meta":{"footnotes":""},"class_list":["post-44","page","type-page","status-publish","hentry"],"yoast_head":"<!-- This site is optimized with the Yoast SEO plugin v27.5 - https:\/\/yoast.com\/product\/yoast-seo-wordpress\/ -->\n<title>Mobile H\u00e4ndedesinfektion desiSpot\u00ae - SAFETY PLUS!<\/title>\n<meta name=\"robots\" content=\"index, follow, max-snippet:-1, max-image-preview:large, max-video-preview:-1\" \/>\n<link rel=\"canonical\" href=\"https:\/\/www.safetyplus-online.de\/?page_id=44\" \/>\n<meta property=\"og:locale\" content=\"de_DE\" \/>\n<meta property=\"og:type\" content=\"article\" \/>\n<meta property=\"og:title\" content=\"Mobile H\u00e4ndedesinfektion desiSpot\u00ae - SAFETY PLUS!\" \/>\n<meta property=\"og:description\" content=\"design-\/funktionsorientierte&nbsp;&nbsp;&nbsp;&nbsp; Desinfektionss\u00e4ule aus 1.4301&nbsp;&nbsp;&nbsp; geb\u00fcrstetem Edelstahl sicherer Standfuss inkl. Hinweisschild zur H\u00e4nde-&nbsp;&nbsp; &nbsp;&nbsp;&nbsp;&nbsp; desinfektion ADS-S, ber\u00fchrungsloser Spender mit\u00a0 \u00a0 Spr\u00fchpumpe f\u00fcr markt\u00fcbliche 500\/ und\u00a0\u00a0 1000-ml-Flaschen, inkl. Abtropfschale Lieferzeit auf Anfrage&nbsp;&nbsp;&nbsp; Preis auf Anfrage\" \/>\n<meta property=\"og:url\" content=\"https:\/\/www.safetyplus-online.de\/?page_id=44\" \/>\n<meta property=\"og:site_name\" content=\"SAFETY PLUS!\" \/>\n<meta property=\"article:modified_time\" content=\"2020-03-05T07:54:23+00:00\" \/>\n<meta property=\"og:image\" content=\"https:\/\/www.safetyplus-online.de\/wp-content\/uploads\/2020\/03\/Mobiler-Spender.jpg\" \/>\n<meta name=\"twitter:card\" content=\"summary_large_image\" \/>\n<script type=\"application\/ld+json\" class=\"yoast-schema-graph\">{\"@context\":\"https:\\\/\\\/schema.org\",\"@graph\":[{\"@type\":\"WebPage\",\"@id\":\"https:\\\/\\\/www.safetyplus-online.de\\\/?page_id=44\",\"url\":\"https:\\\/\\\/www.safetyplus-online.de\\\/?page_id=44\",\"name\":\"Mobile H\u00e4ndedesinfektion desiSpot\u00ae - SAFETY PLUS!\",\"isPartOf\":{\"@id\":\"https:\\\/\\\/www.safetyplus-online.de\\\/#website\"},\"primaryImageOfPage\":{\"@id\":\"https:\\\/\\\/www.safetyplus-online.de\\\/?page_id=44#primaryimage\"},\"image\":{\"@id\":\"https:\\\/\\\/www.safetyplus-online.de\\\/?page_id=44#primaryimage\"},\"thumbnailUrl\":\"https:\\\/\\\/www.safetyplus-online.de\\\/wp-content\\\/uploads\\\/2020\\\/03\\\/Mobiler-Spender.jpg\",\"datePublished\":\"2020-03-05T07:44:23+00:00\",\"dateModified\":\"2020-03-05T07:54:23+00:00\",\"breadcrumb\":{\"@id\":\"https:\\\/\\\/www.safetyplus-online.de\\\/?page_id=44#breadcrumb\"},\"inLanguage\":\"de\",\"potentialAction\":[{\"@type\":\"ReadAction\",\"target\":[\"https:\\\/\\\/www.safetyplus-online.de\\\/?page_id=44\"]}]},{\"@type\":\"ImageObject\",\"inLanguage\":\"de\",\"@id\":\"https:\\\/\\\/www.safetyplus-online.de\\\/?page_id=44#primaryimage\",\"url\":\"https:\\\/\\\/www.safetyplus-online.de\\\/wp-content\\\/uploads\\\/2020\\\/03\\\/Mobiler-Spender.jpg\",\"contentUrl\":\"https:\\\/\\\/www.safetyplus-online.de\\\/wp-content\\\/uploads\\\/2020\\\/03\\\/Mobiler-Spender.jpg\",\"width\":249,\"height\":741},{\"@type\":\"BreadcrumbList\",\"@id\":\"https:\\\/\\\/www.safetyplus-online.de\\\/?page_id=44#breadcrumb\",\"itemListElement\":[{\"@type\":\"ListItem\",\"position\":1,\"name\":\"Home\",\"item\":\"https:\\\/\\\/www.safetyplus-online.de\\\/\"},{\"@type\":\"ListItem\",\"position\":2,\"name\":\"Mobile H\u00e4ndedesinfektion desiSpot\u00ae\"}]},{\"@type\":\"WebSite\",\"@id\":\"https:\\\/\\\/www.safetyplus-online.de\\\/#website\",\"url\":\"https:\\\/\\\/www.safetyplus-online.de\\\/\",\"name\":\"SAFETY PLUS!\",\"description\":\"by Westrup International\",\"publisher\":{\"@id\":\"https:\\\/\\\/www.safetyplus-online.de\\\/#organization\"},\"potentialAction\":[{\"@type\":\"SearchAction\",\"target\":{\"@type\":\"EntryPoint\",\"urlTemplate\":\"https:\\\/\\\/www.safetyplus-online.de\\\/?s={search_term_string}\"},\"query-input\":{\"@type\":\"PropertyValueSpecification\",\"valueRequired\":true,\"valueName\":\"search_term_string\"}}],\"inLanguage\":\"de\"},{\"@type\":\"Organization\",\"@id\":\"https:\\\/\\\/www.safetyplus-online.de\\\/#organization\",\"name\":\"SAFETY PLUS!\",\"url\":\"https:\\\/\\\/www.safetyplus-online.de\\\/\",\"logo\":{\"@type\":\"ImageObject\",\"inLanguage\":\"de\",\"@id\":\"https:\\\/\\\/www.safetyplus-online.de\\\/#\\\/schema\\\/logo\\\/image\\\/\",\"url\":\"https:\\\/\\\/www.safetyplus-online.de\\\/wp-content\\\/uploads\\\/2020\\\/03\\\/cropped-Westrup-International-1.jpg\",\"contentUrl\":\"https:\\\/\\\/www.safetyplus-online.de\\\/wp-content\\\/uploads\\\/2020\\\/03\\\/cropped-Westrup-International-1.jpg\",\"width\":326,\"height\":250,\"caption\":\"SAFETY PLUS!\"},\"image\":{\"@id\":\"https:\\\/\\\/www.safetyplus-online.de\\\/#\\\/schema\\\/logo\\\/image\\\/\"}}]}<\/script>\n<!-- \/ Yoast SEO plugin. -->","yoast_head_json":{"title":"Mobile H\u00e4ndedesinfektion desiSpot\u00ae - SAFETY PLUS!","robots":{"index":"index","follow":"follow","max-snippet":"max-snippet:-1","max-image-preview":"max-image-preview:large","max-video-preview":"max-video-preview:-1"},"canonical":"https:\/\/www.safetyplus-online.de\/?page_id=44","og_locale":"de_DE","og_type":"article","og_title":"Mobile H\u00e4ndedesinfektion desiSpot\u00ae - SAFETY PLUS!","og_description":"design-\/funktionsorientierte&nbsp;&nbsp;&nbsp;&nbsp; Desinfektionss\u00e4ule aus 1.4301&nbsp;&nbsp;&nbsp; geb\u00fcrstetem Edelstahl sicherer Standfuss inkl. Hinweisschild zur H\u00e4nde-&nbsp;&nbsp; &nbsp;&nbsp;&nbsp;&nbsp; desinfektion ADS-S, ber\u00fchrungsloser Spender mit\u00a0 \u00a0 Spr\u00fchpumpe f\u00fcr markt\u00fcbliche 500\/ und\u00a0\u00a0 1000-ml-Flaschen, inkl. Abtropfschale Lieferzeit auf Anfrage&nbsp;&nbsp;&nbsp; Preis auf Anfrage","og_url":"https:\/\/www.safetyplus-online.de\/?page_id=44","og_site_name":"SAFETY PLUS!","article_modified_time":"2020-03-05T07:54:23+00:00","og_image":[{"url":"https:\/\/www.safetyplus-online.de\/wp-content\/uploads\/2020\/03\/Mobiler-Spender.jpg","type":"","width":"","height":""}],"twitter_card":"summary_large_image","schema":{"@context":"https:\/\/schema.org","@graph":[{"@type":"WebPage","@id":"https:\/\/www.safetyplus-online.de\/?page_id=44","url":"https:\/\/www.safetyplus-online.de\/?page_id=44","name":"Mobile H\u00e4ndedesinfektion desiSpot\u00ae - SAFETY PLUS!","isPartOf":{"@id":"https:\/\/www.safetyplus-online.de\/#website"},"primaryImageOfPage":{"@id":"https:\/\/www.safetyplus-online.de\/?page_id=44#primaryimage"},"image":{"@id":"https:\/\/www.safetyplus-online.de\/?page_id=44#primaryimage"},"thumbnailUrl":"https:\/\/www.safetyplus-online.de\/wp-content\/uploads\/2020\/03\/Mobiler-Spender.jpg","datePublished":"2020-03-05T07:44:23+00:00","dateModified":"2020-03-05T07:54:23+00:00","breadcrumb":{"@id":"https:\/\/www.safetyplus-online.de\/?page_id=44#breadcrumb"},"inLanguage":"de","potentialAction":[{"@type":"ReadAction","target":["https:\/\/www.safetyplus-online.de\/?page_id=44"]}]},{"@type":"ImageObject","inLanguage":"de","@id":"https:\/\/www.safetyplus-online.de\/?page_id=44#primaryimage","url":"https:\/\/www.safetyplus-online.de\/wp-content\/uploads\/2020\/03\/Mobiler-Spender.jpg","contentUrl":"https:\/\/www.safetyplus-online.de\/wp-content\/uploads\/2020\/03\/Mobiler-Spender.jpg","width":249,"height":741},{"@type":"BreadcrumbList","@id":"https:\/\/www.safetyplus-online.de\/?page_id=44#breadcrumb","itemListElement":[{"@type":"ListItem","position":1,"name":"Home","item":"https:\/\/www.safetyplus-online.de\/"},{"@type":"ListItem","position":2,"name":"Mobile H\u00e4ndedesinfektion desiSpot\u00ae"}]},{"@type":"WebSite","@id":"https:\/\/www.safetyplus-online.de\/#website","url":"https:\/\/www.safetyplus-online.de\/","name":"SAFETY PLUS!","description":"by Westrup International","publisher":{"@id":"https:\/\/www.safetyplus-online.de\/#organization"},"potentialAction":[{"@type":"SearchAction","target":{"@type":"EntryPoint","urlTemplate":"https:\/\/www.safetyplus-online.de\/?s={search_term_string}"},"query-input":{"@type":"PropertyValueSpecification","valueRequired":true,"valueName":"search_term_string"}}],"inLanguage":"de"},{"@type":"Organization","@id":"https:\/\/www.safetyplus-online.de\/#organization","name":"SAFETY PLUS!","url":"https:\/\/www.safetyplus-online.de\/","logo":{"@type":"ImageObject","inLanguage":"de","@id":"https:\/\/www.safetyplus-online.de\/#\/schema\/logo\/image\/","url":"https:\/\/www.safetyplus-online.de\/wp-content\/uploads\/2020\/03\/cropped-Westrup-International-1.jpg","contentUrl":"https:\/\/www.safetyplus-online.de\/wp-content\/uploads\/2020\/03\/cropped-Westrup-International-1.jpg","width":326,"height":250,"caption":"SAFETY PLUS!"},"image":{"@id":"https:\/\/www.safetyplus-online.de\/#\/schema\/logo\/image\/"}}]}},"_links":{"self":[{"href":"https:\/\/www.safetyplus-online.de\/index.php?rest_route=\/wp\/v2\/pages\/44","targetHints":{"allow":["GET"]}}],"collection":[{"href":"https:\/\/www.safetyplus-online.de\/index.php?rest_route=\/wp\/v2\/pages"}],"about":[{"href":"https:\/\/www.safetyplus-online.de\/index.php?rest_route=\/wp\/v2\/types\/page"}],"author":[{"embeddable":true,"href":"https:\/\/www.safetyplus-online.de\/index.php?rest_route=\/wp\/v2\/users\/1"}],"replies":[{"embeddable":true,"href":"https:\/\/www.safetyplus-online.de\/index.php?rest_route=%2Fwp%2Fv2%2Fcomments&post=44"}],"version-history":[{"count":4,"href":"https:\/\/www.safetyplus-online.de\/index.php?rest_route=\/wp\/v2\/pages\/44\/revisions"}],"predecessor-version":[{"id":52,"href":"https:\/\/www.safetyplus-online.de\/index.php?rest_route=\/wp\/v2\/pages\/44\/revisions\/52"}],"wp:attachment":[{"href":"https:\/\/www.safetyplus-online.de\/index.php?rest_route=%2Fwp%2Fv2%2Fmedia&parent=44"}],"curies":[{"name":"wp","href":"https:\/\/api.w.org\/{rel}","templated":true}]}}